{"id":774,"date":"2021-11-04T20:40:44","date_gmt":"2021-11-04T23:40:44","guid":{"rendered":"http:\/\/frequenciarara.com.br\/?page_id=774"},"modified":"2026-01-08T18:59:35","modified_gmt":"2026-01-08T21:59:35","slug":"clientes","status":"publish","type":"page","link":"https:\/\/frequenciarara.com.br\/index.php\/clientes\/","title":{"rendered":"CLIENTES"},"content":{"rendered":"\n<div class=\"wp-block-columns is-layout-flex wp-container-core-columns-is-layout-9d6595d7 wp-block-columns-is-layout-flex\">\n<div class=\"wp-block-column is-layout-flow wp-block-column-is-layout-flow\" style=\"flex-basis:5%\"><\/div>\n\n\n\n<div class=\"wp-block-column is-vertically-aligned-stretch is-layout-flow wp-block-column-is-layout-flow\" style=\"flex-basis:100%\">\n<p class=\"has-text-align-left has-text-color has-link-color wp-elements-3368b5b068b43db9a6e881e87db5e0e1\" style=\"color:#782727;font-size:25px;font-style:normal;font-weight:600;letter-spacing:-1px;text-transform:none\">Alguns artistas que trabalharam no est\u00fadio  Frequ\u00eanCia Rara<\/p>\n<\/div>\n<\/div>\n\n\n\n<div style=\"height:8px\" aria-hidden=\"true\" class=\"wp-block-spacer\"><\/div>\n\n\n\n<div class=\"wp-block-columns is-layout-flex wp-container-core-columns-is-layout-9d6595d7 wp-block-columns-is-layout-flex\">\n<div class=\"wp-block-column is-layout-flow wp-block-column-is-layout-flow\" style=\"flex-basis:800px\">\n<p class=\"has-text-color has-link-color wp-elements-c6c112e27e6d93a8da019cd64cfb9786\" style=\"color:#abb7c2db;font-size:82px;font-style:normal;font-weight:200\">A<\/p>\n\n\n\n<p style=\"font-size:18px\">Airto Moreira, Ant\u00f4nio Abujamra, Ana\u00ed Rosa, Ana Rita Simonka, Adriano Augusto, Adriana Godoy, Adriana Mezzadri, Adyel Silva, Alessandro Kramer, Alexandre Lora, Alzira Esp\u00edndola, Adriano Busko, Ademir Assun\u00e7\u00e3o, Alessandra Grassmann, Ant\u00f4nio Viviani, Ant\u00f4nio Baker, Amanda Depieri Matos<\/p>\n\n\n\n<hr class=\"wp-block-separator has-text-color has-alpha-channel-opacity has-background is-style-wide\" style=\"background-color:#abb7c2e6;color:#abb7c2e6\"\/>\n\n\n\n<p class=\"has-text-color has-link-color wp-elements-2295ed40e8a0526a32b305416226325f\" style=\"color:#abb7c2db;font-size:82px;font-style:normal;font-weight:200\">B<\/p>\n\n\n\n<p style=\"font-size:18px\">Badi Assad, Bocato, Benjamim Taubkin, Bruna Caram, Barbatuques, Beto Bertoluz, Os Berada de Pizza, Beto Santos, Bangla<\/p>\n\n\n\n<hr class=\"wp-block-separator has-text-color has-alpha-channel-opacity has-background is-style-wide\" style=\"background-color:#abb7c2e6;color:#abb7c2e6\"\/>\n\n\n\n<p class=\"has-text-color has-link-color wp-elements-a607c71adb2d54de21f4cb1b1f9473b2\" style=\"color:#abb7c2db;font-size:82px;font-style:normal;font-weight:200\">C<\/p>\n\n\n\n<p style=\"font-size:18px\">Cacique Raoni, Camilo Carrara, Chico C\u00e9zar, Claudio Lacerda, Ca\u00edto Marcondes, Chandra Lacombe, Carlos Lyra,\u00a0Cris Aflalo,\u00a0Cris Miguel, Carlos Gomes, Companhia das Cordas, Companhia Truks de Teatro, Celso de Luccas, Carioca Freitas, Claudio Tchernev, Carlos Desenha, Cristina Torres, Carla Arnoni, Celise Melo, Claudio Farias, Castora, Caio Mamberti, Celia Horta<\/p>\n\n\n\n<hr class=\"wp-block-separator has-text-color has-alpha-channel-opacity has-background is-style-wide\" style=\"background-color:#abb7c2e6;color:#abb7c2e6\"\/>\n\n\n\n<p class=\"has-text-color has-link-color wp-elements-7838da97068a345a7e9b31173b02283f\" style=\"color:#abb7c2db;font-size:82px;font-style:normal;font-weight:200\">D<\/p>\n\n\n\n<p style=\"font-size:18px\">Dominguinhos, DuoFel, Divyarup, Duo Grassmann, Denis Belik, Dimas Ramalho, D\u00e9cio Rocha, Dimos Goudaroulis, Dado Romagna, Derico Sciotti, Dhara, Drizz Colours<\/p>\n\n\n\n<hr class=\"wp-block-separator has-text-color has-alpha-channel-opacity has-background is-style-wide\" style=\"background-color:#abb7c2e6;color:#abb7c2e6\"\/>\n\n\n\n<p class=\"has-text-color has-link-color wp-elements-91382d530675b50ddf67d80bb35d2498\" style=\"color:#abb7c2db;font-size:82px;font-style:normal;font-weight:200\">E<\/p>\n\n\n\n<p style=\"font-size:18px\">Egberto Gismonti, Edson Montenegro, Edu Ribeiro, Edgar Silva Bueno, Eduardo Agni, Eduardo Gudin,&nbsp;Elias Khadira, Edgard Po\u00e7as,&nbsp;Edgard Piccoli, Edvaldo Santana, Edson Giriboni, Edmo Neves, Elisa Manzano, Eder Sandoli<\/p>\n\n\n\n<hr class=\"wp-block-separator has-text-color has-alpha-channel-opacity has-background is-style-wide\" style=\"background-color:#abb7c2e6;color:#abb7c2e6\"\/>\n\n\n\n<p class=\"has-text-color has-link-color wp-elements-315c165268d2eb520f1778fffd8da3e6\" style=\"color:#abb7c2db;font-size:82px;font-style:normal;font-weight:200\">F<\/p>\n\n\n\n<p style=\"font-size:18px\">Fil\u00f3 Machado, Fala Mansa, Flavio Venturini, Fus\u00e3o Divina, Flammula Chorus, Francisco Rossi, Fernando Beltran, Fernando Anh\u00ea, Fran\u00e7ois de Lima, Fabbio Perez<\/p>\n\n\n\n<hr class=\"wp-block-separator has-text-color has-alpha-channel-opacity has-background is-style-wide\" style=\"background-color:#abb7c2e6;color:#abb7c2e6\"\/>\n\n\n\n<p class=\"has-text-color has-link-color wp-elements-838f5f9d71964ab5d4ebc347d68e5eb1\" style=\"color:#abb7c2db;font-size:82px;font-style:normal;font-weight:200\">G<\/p>\n\n\n\n<p style=\"font-size:18px\">Gilberto Gil, Gabriela Machado, Giba Favery, Guinha Ramires, Guga Bernardo, Gabriel Levy, Goio Lima<\/p>\n\n\n\n<hr class=\"wp-block-separator has-text-color has-alpha-channel-opacity has-background is-style-wide\" style=\"background-color:#abb7c2e6;color:#abb7c2e6\"\/>\n\n\n\n<p class=\"has-text-color has-link-color wp-elements-48eaaf4a779e582a65986a8364421b25\" style=\"color:#abb7c2db;font-size:82px;font-style:normal;font-weight:200\">H<\/p>\n\n\n\n<p style=\"font-size:18px\">Homero Feij\u00f3, Henrique Pereira, Henrique Iafelice<\/p>\n\n\n\n<hr class=\"wp-block-separator has-text-color has-alpha-channel-opacity has-background is-style-wide\" style=\"background-color:#abb7c2e6;color:#abb7c2e6\"\/>\n\n\n\n<p class=\"has-text-color has-link-color wp-elements-469f3203a1cf7c623c0ea4d56142578a\" style=\"color:#abb7c2db;font-size:82px;font-style:normal;font-weight:200\">I<\/p>\n\n\n\n<p style=\"font-size:18px\">Instituto Ita\u00fa Cultural, Ivania Catarina, Ione Papas, Ize Novaes<\/p>\n\n\n\n<hr class=\"wp-block-separator has-text-color has-alpha-channel-opacity has-background is-style-wide\" style=\"background-color:#abb7c2e6;color:#abb7c2e6\"\/>\n\n\n\n<p class=\"has-text-color has-link-color wp-elements-d732c106a3b38bd44edc7c930bc6780d\" style=\"color:#abb7c2db;font-size:82px;font-style:normal;font-weight:200\">J<\/p>\n\n\n\n<p style=\"font-size:18px\">Jamil Maluf (Maestro), Jica Thom\u00e9, Jason Bermingham, Juca Novaes, Jane Mara, Jarbas Mariz  <\/p>\n\n\n\n<hr class=\"wp-block-separator has-text-color has-alpha-channel-opacity has-background is-style-wide\" style=\"background-color:#abb7c2e6;color:#abb7c2e6\"\/>\n\n\n\n<p class=\"has-text-color has-link-color wp-elements-c35757940e00eea75534362e2946a105\" style=\"color:#abb7c2db;font-size:82px;font-style:normal;font-weight:200\">K<\/p>\n\n\n\n<p style=\"font-size:18px\">Keco Brand\u00e3o, Kiko Moura<\/p>\n\n\n\n<hr class=\"wp-block-separator has-text-color has-alpha-channel-opacity has-background is-style-wide\" style=\"background-color:#abb7c2e6;color:#abb7c2e6\"\/>\n\n\n\n<p class=\"has-text-color has-link-color wp-elements-57e6c2f55d5ae22d4dfffa0c99e9ef7e\" style=\"color:#abb7c2db;font-size:82px;font-style:normal;font-weight:200\">L<\/p>\n\n\n\n<p style=\"font-size:18px\">Luciana Souza, Lula Barbosa, Leo Mattus, Laura Finocchiaro, Os Lauros, Lucila Novaes, Lennon Fernandes, Luis Guello, Luciano Monson<\/p>\n\n\n\n<hr class=\"wp-block-separator has-text-color has-alpha-channel-opacity has-background is-style-wide\" style=\"background-color:#abb7c2e6;color:#abb7c2e6\"\/>\n\n\n\n<p class=\"has-text-color has-link-color wp-elements-b2430034ca9f58019d07204fed7b3d6c\" style=\"color:#abb7c2db;font-size:82px;font-style:normal;font-weight:200\">M<\/p>\n\n\n\n<p style=\"font-size:18px\">Marcos Valle, Madan, Marlui Miranda, Mirna Grzich, Marisa Orth, Mauricio Rahal, Marcio Sorge, Milton Flavio, Marcelo Sorge, Marcus Santurys, Marcelo Calderazzo, Maria Diniz, Maga Lieri, Mater et Magistra, Michel Temer, Man\u00e9 Silveira, Mirian\u00eas Zabot, Maida Novaes, Mara Melges, Manoel Pac\u00edfico, Mario Aphonso III, Marcio Tubino, Marcelo Effori, Mauricio Mohamed<\/p>\n\n\n\n<hr class=\"wp-block-separator has-text-color has-alpha-channel-opacity has-background is-style-wide\" style=\"background-color:#abb7c2e6;color:#abb7c2e6\"\/>\n\n\n\n<p class=\"has-text-color has-link-color wp-elements-8fdd1a5237951104e91d1657f86d3170\" style=\"color:#abb7c2db;font-size:82px;font-style:normal;font-weight:200\">N<\/p>\n\n\n\n<p style=\"font-size:18px\">Nan\u00e1 Vasconcelos, Nailor Azevedo (Proveta), Nancy Macedo, Nivaldo D\u2019avilla, Nanah Correa<\/p>\n\n\n\n<hr class=\"wp-block-separator has-text-color has-alpha-channel-opacity has-background is-style-wide\" style=\"background-color:#abb7c2e6;color:#abb7c2e6\"\/>\n\n\n\n<p class=\"has-text-color has-link-color wp-elements-82d618e9bbd0d877859e3d990faf6402\" style=\"color:#abb7c2db;font-size:82px;font-style:normal;font-weight:200\">O<\/p>\n\n\n\n<p style=\"font-size:18px\">Osmar Prado, Otavio Noronha, Orestes Quercia<\/p>\n\n\n\n<hr class=\"wp-block-separator has-text-color has-alpha-channel-opacity has-background is-style-wide\" style=\"background-color:#abb7c2e6;color:#abb7c2e6\"\/>\n\n\n\n<p class=\"has-text-color has-link-color wp-elements-def2a85cf693bf461e8997f561d22cf7\" style=\"color:#abb7c2db;font-size:82px;font-style:normal;font-weight:200\">P<\/p>\n\n\n\n<p style=\"font-size:18px\">Priscilla Ribeiro Carvalho, Pena Branca, Paula Mour\u00e3o, Paulo Flexa, Paulo Barizon, Paulinho Novaes, Percio S\u00e1pia, Pratinha, Proscenium, Paulo Bira Brioschi, Pedro Iafelice<\/p>\n\n\n\n<hr class=\"wp-block-separator has-text-color has-alpha-channel-opacity has-background is-style-wide\" style=\"background-color:#abb7c2e6;color:#abb7c2e6\"\/>\n\n\n\n<p class=\"has-text-color has-link-color wp-elements-bbd8f47e10f65777c2423a09cb2a12fa\" style=\"color:#abb7c2db;font-size:82px;font-style:normal;font-weight:200\">R<\/p>\n\n\n\n<p style=\"font-size:18px\">Raul de Souza, Ratnabali Adhikari, Raiz de Pedra, Rodrigo Garcia Lopes, Renato Consorte, Renato Braz,&nbsp;Renato Lemos, Robson Tuma, Ricardo Ibri, Renato Picchi, Ricardo Lopes, Roberto Tafuri, Rita Monteiro Lino<\/p>\n\n\n\n<hr class=\"wp-block-separator has-text-color has-alpha-channel-opacity has-background is-style-wide\" style=\"background-color:#abb7c2e6;color:#abb7c2e6\"\/>\n\n\n\n<p class=\"has-text-color has-link-color wp-elements-3d11452c911ac5855148a82849881377\" style=\"color:#abb7c2db;font-size:82px;font-style:normal;font-weight:200\">S<\/p>\n\n\n\n<p style=\"font-size:18px\">Sylvinha Ara\u00fajo, S\u00e1 Brito (Maestro), Simone Soul, S\u00e9rgio Turc\u00e3o, Sergio Bello, ShowLivre.com, Silvia Almeida, Sintagma, Super Som TA, Sandra Vianna<\/p>\n\n\n\n<hr class=\"wp-block-separator has-text-color has-alpha-channel-opacity has-background is-style-wide\" style=\"background-color:#abb7c2e6;color:#abb7c2e6\"\/>\n\n\n\n<p style=\"font-size:18px\"><\/p>\n\n\n\n<p class=\"has-text-color has-link-color wp-elements-0ffba5640afc517f245a6e8d6f6020c8\" style=\"color:#abb7c2db;font-size:82px;font-style:normal;font-weight:200\">T<\/p>\n\n\n\n<p style=\"font-size:18px\">Th\u00e9o de Barros,&nbsp;Trovadores Urbanos, Tinoco, Teco Cardoso, Tony Babal\u00fa, T\u00e9tine, Tonho Penhasco<\/p>\n\n\n\n<hr class=\"wp-block-separator has-text-color has-alpha-channel-opacity has-background is-style-wide\" style=\"background-color:#abb7c2e6;color:#abb7c2e6\"\/>\n\n\n\n<p class=\"has-text-color has-link-color wp-elements-d4a150b2c4ae58ebcd0db4a62f82fc90\" style=\"color:#abb7c2db;font-size:82px;font-style:normal;font-weight:200\">U<\/p>\n\n\n\n<p style=\"font-size:18px\">Ulisses Rocha, Uyara<\/p>\n\n\n\n<hr class=\"wp-block-separator has-text-color has-alpha-channel-opacity has-background is-style-wide\" style=\"background-color:#abb7c2e6;color:#abb7c2e6\"\/>\n\n\n\n<p style=\"font-size:18px\"><\/p>\n\n\n\n<p class=\"has-text-color has-link-color wp-elements-a3fab33c7b21471e4015f1d49609a89d\" style=\"color:#abb7c2db;font-size:82px;font-style:normal;font-weight:200\">V<\/p>\n\n\n\n<p style=\"font-size:18px\">Vania Bastos,&nbsp;Victor Alcantara<\/p>\n\n\n\n<hr class=\"wp-block-separator has-text-color has-alpha-channel-opacity has-background is-style-wide\" style=\"background-color:#abb7c2e6;color:#abb7c2e6\"\/>\n\n\n\n<p class=\"has-text-color has-link-color wp-elements-6e9c220bb0ceb7e994929794225f739f\" style=\"color:#abb7c2db;font-size:82px;font-style:normal;font-weight:200\">W<\/p>\n\n\n\n<p style=\"font-size:18px\">Wah!Chant, Walmir Gil, Walter Barelli<\/p>\n\n\n\n<hr class=\"wp-block-separator has-text-color has-alpha-channel-opacity has-background is-style-wide\" style=\"background-color:#abb7c2e6;color:#abb7c2e6\"\/>\n\n\n\n<p class=\"has-text-color has-link-color wp-elements-79940f084d1ef7dbc3ad1f9b260bbc71\" style=\"color:#abb7c2db;font-size:82px;font-style:normal;font-weight:200\">Z<\/p>\n\n\n\n<p style=\"font-size:18px\">Z\u00e9 Paulo Medeiros, Zeli Silva<\/p>\n\n\n\n<hr class=\"wp-block-separator has-text-color has-alpha-channel-opacity has-background is-style-wide\" style=\"background-color:#abb7c2e6;color:#abb7c2e6\"\/>\n<\/div>\n\n\n\n<div class=\"wp-block-column is-layout-flow wp-block-column-is-layout-flow\">\n<div style=\"height:156px\" aria-hidden=\"true\" class=\"wp-block-spacer\"><\/div>\n\n\n\n<div class=\"wp-block-group\"><div class=\"wp-block-group__inner-container is-layout-constrained wp-block-group-is-layout-constrained\">\n<figure class=\"wp-block-image size-full\"><img loading=\"lazy\" decoding=\"async\" width=\"849\" height=\"794\" src=\"https:\/\/frequenciarara.com.br\/wp-content\/uploads\/2025\/02\/BigMosaicoS.jpeg\" alt=\"\" class=\"wp-image-1677\" srcset=\"https:\/\/frequenciarara.com.br\/wp-content\/uploads\/2025\/02\/BigMosaicoS.jpeg 849w, https:\/\/frequenciarara.com.br\/wp-content\/uploads\/2025\/02\/BigMosaicoS-300x281.jpeg 300w, https:\/\/frequenciarara.com.br\/wp-content\/uploads\/2025\/02\/BigMosaicoS-768x718.jpeg 768w\" sizes=\"auto, (max-width: 849px) 100vw, 849px\" \/><\/figure>\n<\/div><\/div>\n\n\n\n<div style=\"height:85px\" aria-hidden=\"true\" class=\"wp-block-spacer\"><\/div>\n\n\n\n<figure class=\"wp-block-image size-full\"><img loading=\"lazy\" decoding=\"async\" width=\"482\" height=\"482\" src=\"https:\/\/frequenciarara.com.br\/wp-content\/uploads\/2025\/02\/CDS-FrequenCia-Rara-01-menor.png\" alt=\"\" class=\"wp-image-1690\" srcset=\"https:\/\/frequenciarara.com.br\/wp-content\/uploads\/2025\/02\/CDS-FrequenCia-Rara-01-menor.png 482w, https:\/\/frequenciarara.com.br\/wp-content\/uploads\/2025\/02\/CDS-FrequenCia-Rara-01-menor-300x300.png 300w, https:\/\/frequenciarara.com.br\/wp-content\/uploads\/2025\/02\/CDS-FrequenCia-Rara-01-menor-150x150.png 150w\" sizes=\"auto, (max-width: 482px) 100vw, 482px\" \/><\/figure>\n\n\n\n<div style=\"height:86px\" aria-hidden=\"true\" class=\"wp-block-spacer\"><\/div>\n\n\n\n<figure class=\"wp-block-image size-full\"><img loading=\"lazy\" decoding=\"async\" width=\"483\" height=\"482\" src=\"https:\/\/frequenciarara.com.br\/wp-content\/uploads\/2025\/02\/CDS-FrequenCia-Rara-02-menor.png\" alt=\"\" class=\"wp-image-1691\" srcset=\"https:\/\/frequenciarara.com.br\/wp-content\/uploads\/2025\/02\/CDS-FrequenCia-Rara-02-menor.png 483w, https:\/\/frequenciarara.com.br\/wp-content\/uploads\/2025\/02\/CDS-FrequenCia-Rara-02-menor-300x300.png 300w, https:\/\/frequenciarara.com.br\/wp-content\/uploads\/2025\/02\/CDS-FrequenCia-Rara-02-menor-150x150.png 150w\" sizes=\"auto, (max-width: 483px) 100vw, 483px\" \/><\/figure>\n\n\n\n<div style=\"height:85px\" aria-hidden=\"true\" class=\"wp-block-spacer\"><\/div>\n\n\n\n<figure class=\"wp-block-image size-full\"><img loading=\"lazy\" decoding=\"async\" width=\"400\" height=\"374\" src=\"https:\/\/frequenciarara.com.br\/wp-content\/uploads\/2021\/11\/Albuns-da-FrequenCia-Rara.png\" alt=\"\" class=\"wp-image-830\" srcset=\"https:\/\/frequenciarara.com.br\/wp-content\/uploads\/2021\/11\/Albuns-da-FrequenCia-Rara.png 400w, https:\/\/frequenciarara.com.br\/wp-content\/uploads\/2021\/11\/Albuns-da-FrequenCia-Rara-300x281.png 300w\" sizes=\"auto, (max-width: 400px) 100vw, 400px\" \/><\/figure>\n\n\n\n<div style=\"height:85px\" aria-hidden=\"true\" class=\"wp-block-spacer\"><\/div>\n\n\n\n<figure class=\"wp-block-image size-full\"><img loading=\"lazy\" decoding=\"async\" width=\"483\" height=\"482\" src=\"https:\/\/frequenciarara.com.br\/wp-content\/uploads\/2025\/02\/CDS-FrequenCia-Rara-02-menor.png\" alt=\"\" class=\"wp-image-1691\" srcset=\"https:\/\/frequenciarara.com.br\/wp-content\/uploads\/2025\/02\/CDS-FrequenCia-Rara-02-menor.png 483w, https:\/\/frequenciarara.com.br\/wp-content\/uploads\/2025\/02\/CDS-FrequenCia-Rara-02-menor-300x300.png 300w, https:\/\/frequenciarara.com.br\/wp-content\/uploads\/2025\/02\/CDS-FrequenCia-Rara-02-menor-150x150.png 150w\" sizes=\"auto, (max-width: 483px) 100vw, 483px\" \/><\/figure>\n\n\n\n<div style=\"height:85px\" aria-hidden=\"true\" class=\"wp-block-spacer\"><\/div>\n\n\n\n<figure class=\"wp-block-image size-full\"><img loading=\"lazy\" decoding=\"async\" width=\"482\" height=\"482\" src=\"https:\/\/frequenciarara.com.br\/wp-content\/uploads\/2025\/02\/CDS-FrequenCia-Rara-01-menor.png\" alt=\"\" class=\"wp-image-1690\" srcset=\"https:\/\/frequenciarara.com.br\/wp-content\/uploads\/2025\/02\/CDS-FrequenCia-Rara-01-menor.png 482w, https:\/\/frequenciarara.com.br\/wp-content\/uploads\/2025\/02\/CDS-FrequenCia-Rara-01-menor-300x300.png 300w, https:\/\/frequenciarara.com.br\/wp-content\/uploads\/2025\/02\/CDS-FrequenCia-Rara-01-menor-150x150.png 150w\" sizes=\"auto, (max-width: 482px) 100vw, 482px\" \/><\/figure>\n\n\n\n<div style=\"height:86px\" aria-hidden=\"true\" class=\"wp-block-spacer\"><\/div>\n\n\n\n<figure class=\"wp-block-image size-full\"><img loading=\"lazy\" decoding=\"async\" width=\"849\" height=\"794\" src=\"https:\/\/frequenciarara.com.br\/wp-content\/uploads\/2025\/02\/BigMosaicoS.jpeg\" alt=\"\" class=\"wp-image-1677\" srcset=\"https:\/\/frequenciarara.com.br\/wp-content\/uploads\/2025\/02\/BigMosaicoS.jpeg 849w, https:\/\/frequenciarara.com.br\/wp-content\/uploads\/2025\/02\/BigMosaicoS-300x281.jpeg 300w, https:\/\/frequenciarara.com.br\/wp-content\/uploads\/2025\/02\/BigMosaicoS-768x718.jpeg 768w\" sizes=\"auto, (max-width: 849px) 100vw, 849px\" \/><\/figure>\n\n\n\n<div style=\"height:83px\" aria-hidden=\"true\" class=\"wp-block-spacer\"><\/div>\n\n\n\n<figure class=\"wp-block-image size-full\"><img loading=\"lazy\" decoding=\"async\" width=\"482\" height=\"482\" src=\"https:\/\/frequenciarara.com.br\/wp-content\/uploads\/2025\/02\/CDS-FrequenCia-Rara-01-menor.png\" alt=\"\" class=\"wp-image-1690\" srcset=\"https:\/\/frequenciarara.com.br\/wp-content\/uploads\/2025\/02\/CDS-FrequenCia-Rara-01-menor.png 482w, https:\/\/frequenciarara.com.br\/wp-content\/uploads\/2025\/02\/CDS-FrequenCia-Rara-01-menor-300x300.png 300w, https:\/\/frequenciarara.com.br\/wp-content\/uploads\/2025\/02\/CDS-FrequenCia-Rara-01-menor-150x150.png 150w\" sizes=\"auto, (max-width: 482px) 100vw, 482px\" \/><\/figure>\n\n\n\n<div style=\"height:86px\" aria-hidden=\"true\" class=\"wp-block-spacer\"><\/div>\n\n\n\n<figure class=\"wp-block-image size-full\"><img loading=\"lazy\" decoding=\"async\" width=\"483\" height=\"482\" src=\"https:\/\/frequenciarara.com.br\/wp-content\/uploads\/2025\/02\/CDS-FrequenCia-Rara-02-menor.png\" alt=\"\" class=\"wp-image-1691\" srcset=\"https:\/\/frequenciarara.com.br\/wp-content\/uploads\/2025\/02\/CDS-FrequenCia-Rara-02-menor.png 483w, https:\/\/frequenciarara.com.br\/wp-content\/uploads\/2025\/02\/CDS-FrequenCia-Rara-02-menor-300x300.png 300w, https:\/\/frequenciarara.com.br\/wp-content\/uploads\/2025\/02\/CDS-FrequenCia-Rara-02-menor-150x150.png 150w\" sizes=\"auto, (max-width: 483px) 100vw, 483px\" \/><\/figure>\n\n\n\n<div style=\"height:85px\" aria-hidden=\"true\" class=\"wp-block-spacer\"><\/div>\n\n\n\n<figure class=\"wp-block-image size-full\"><img loading=\"lazy\" decoding=\"async\" width=\"482\" height=\"482\" src=\"https:\/\/frequenciarara.com.br\/wp-content\/uploads\/2025\/02\/CDS-FrequenCia-Rara-01-menor.png\" alt=\"\" class=\"wp-image-1690\" srcset=\"https:\/\/frequenciarara.com.br\/wp-content\/uploads\/2025\/02\/CDS-FrequenCia-Rara-01-menor.png 482w, https:\/\/frequenciarara.com.br\/wp-content\/uploads\/2025\/02\/CDS-FrequenCia-Rara-01-menor-300x300.png 300w, https:\/\/frequenciarara.com.br\/wp-content\/uploads\/2025\/02\/CDS-FrequenCia-Rara-01-menor-150x150.png 150w\" sizes=\"auto, (max-width: 482px) 100vw, 482px\" \/><\/figure>\n\n\n\n<div style=\"height:85px\" aria-hidden=\"true\" class=\"wp-block-spacer\"><\/div>\n\n\n\n<figure class=\"wp-block-image size-full\"><img loading=\"lazy\" decoding=\"async\" width=\"483\" height=\"482\" src=\"https:\/\/frequenciarara.com.br\/wp-content\/uploads\/2025\/02\/CDS-FrequenCia-Rara-02-menor.png\" alt=\"\" class=\"wp-image-1691\" srcset=\"https:\/\/frequenciarara.com.br\/wp-content\/uploads\/2025\/02\/CDS-FrequenCia-Rara-02-menor.png 483w, https:\/\/frequenciarara.com.br\/wp-content\/uploads\/2025\/02\/CDS-FrequenCia-Rara-02-menor-300x300.png 300w, https:\/\/frequenciarara.com.br\/wp-content\/uploads\/2025\/02\/CDS-FrequenCia-Rara-02-menor-150x150.png 150w\" sizes=\"auto, (max-width: 483px) 100vw, 483px\" \/><\/figure>\n\n\n\n<div style=\"height:84px\" aria-hidden=\"true\" class=\"wp-block-spacer\"><\/div>\n\n\n\n<figure class=\"wp-block-image size-full\"><img loading=\"lazy\" decoding=\"async\" width=\"400\" height=\"374\" src=\"https:\/\/frequenciarara.com.br\/wp-content\/uploads\/2021\/11\/Albuns-da-FrequenCia-Rara.png\" alt=\"\" class=\"wp-image-830\" srcset=\"https:\/\/frequenciarara.com.br\/wp-content\/uploads\/2021\/11\/Albuns-da-FrequenCia-Rara.png 400w, https:\/\/frequenciarara.com.br\/wp-content\/uploads\/2021\/11\/Albuns-da-FrequenCia-Rara-300x281.png 300w\" sizes=\"auto, (max-width: 400px) 100vw, 400px\" \/><\/figure>\n\n\n\n<div style=\"height:85px\" aria-hidden=\"true\" class=\"wp-block-spacer\"><\/div>\n\n\n\n<figure class=\"wp-block-image size-full\"><img loading=\"lazy\" decoding=\"async\" width=\"483\" height=\"482\" src=\"https:\/\/frequenciarara.com.br\/wp-content\/uploads\/2025\/02\/CDS-FrequenCia-Rara-02-menor.png\" alt=\"\" class=\"wp-image-1691\" srcset=\"https:\/\/frequenciarara.com.br\/wp-content\/uploads\/2025\/02\/CDS-FrequenCia-Rara-02-menor.png 483w, https:\/\/frequenciarara.com.br\/wp-content\/uploads\/2025\/02\/CDS-FrequenCia-Rara-02-menor-300x300.png 300w, https:\/\/frequenciarara.com.br\/wp-content\/uploads\/2025\/02\/CDS-FrequenCia-Rara-02-menor-150x150.png 150w\" sizes=\"auto, (max-width: 483px) 100vw, 483px\" \/><\/figure>\n\n\n\n<div style=\"height:85px\" aria-hidden=\"true\" class=\"wp-block-spacer\"><\/div>\n\n\n\n<figure class=\"wp-block-image size-full\"><img loading=\"lazy\" decoding=\"async\" width=\"482\" height=\"482\" src=\"https:\/\/frequenciarara.com.br\/wp-content\/uploads\/2025\/02\/CDS-FrequenCia-Rara-01-menor.png\" alt=\"\" class=\"wp-image-1690\" srcset=\"https:\/\/frequenciarara.com.br\/wp-content\/uploads\/2025\/02\/CDS-FrequenCia-Rara-01-menor.png 482w, https:\/\/frequenciarara.com.br\/wp-content\/uploads\/2025\/02\/CDS-FrequenCia-Rara-01-menor-300x300.png 300w, https:\/\/frequenciarara.com.br\/wp-content\/uploads\/2025\/02\/CDS-FrequenCia-Rara-01-menor-150x150.png 150w\" sizes=\"auto, (max-width: 482px) 100vw, 482px\" \/><\/figure>\n<\/div>\n<\/div>\n\n\n\n<div style=\"height:100px\" aria-hidden=\"true\" class=\"wp-block-spacer\"><\/div>\n\n\n<div class=\"wp-block-image\">\n<figure class=\"aligncenter size-large is-resized\"><img loading=\"lazy\" decoding=\"async\" width=\"821\" height=\"1024\" src=\"https:\/\/frequenciarara.com.br\/wp-content\/uploads\/2025\/02\/Algumas-Empresas-FrequenCiaRara-2025-821x1024.png\" alt=\"\" class=\"wp-image-1674\" style=\"width:698px;height:auto\" srcset=\"https:\/\/frequenciarara.com.br\/wp-content\/uploads\/2025\/02\/Algumas-Empresas-FrequenCiaRara-2025-821x1024.png 821w, https:\/\/frequenciarara.com.br\/wp-content\/uploads\/2025\/02\/Algumas-Empresas-FrequenCiaRara-2025-240x300.png 240w, https:\/\/frequenciarara.com.br\/wp-content\/uploads\/2025\/02\/Algumas-Empresas-FrequenCiaRara-2025-768x958.png 768w, https:\/\/frequenciarara.com.br\/wp-content\/uploads\/2025\/02\/Algumas-Empresas-FrequenCiaRara-2025.png 848w\" sizes=\"auto, (max-width: 821px) 100vw, 821px\" \/><\/figure>\n<\/div>","protected":false},"excerpt":{"rendered":"<p>Alguns artistas que trabalharam no est\u00fadio Frequ\u00eanCia Rara A Airto Moreira, Ant\u00f4nio Abujamra, Ana\u00ed Rosa, Ana Rita Simonka, Adriano Augusto, Adriana Godoy, Adriana Mezzadri, Adyel Silva, Alessandro Kramer, Alexandre Lora, Alzira Esp\u00edndola, Adriano Busko, Ademir Assun\u00e7\u00e3o, Alessandra Grassmann, Ant\u00f4nio Viviani, Ant\u00f4nio Baker, Amanda Depieri Matos B Badi Assad, Bocato, Benjamim Taubkin, Bruna Caram, Barbatuques, Beto [&hellip;]<\/p>\n","protected":false},"author":1,"featured_media":0,"parent":0,"menu_order":0,"comment_status":"closed","ping_status":"closed","template":"","meta":{"_regular_price":[],"currency_symbol":[],"footnotes":""},"class_list":["post-774","page","type-page","status-publish","hentry"],"post_slider_layout_featured_media_urls":{"thumbnail":"","post_slider_layout_landscape_large":"","post_slider_layout_portrait_large":"","post_slider_layout_square_large":"","post_slider_layout_landscape":"","post_slider_layout_portrait":"","post_slider_layout_square":"","full":""},"_links":{"self":[{"href":"https:\/\/frequenciarara.com.br\/index.php\/wp-json\/wp\/v2\/pages\/774","targetHints":{"allow":["GET"]}}],"collection":[{"href":"https:\/\/frequenciarara.com.br\/index.php\/wp-json\/wp\/v2\/pages"}],"about":[{"href":"https:\/\/frequenciarara.com.br\/index.php\/wp-json\/wp\/v2\/types\/page"}],"author":[{"embeddable":true,"href":"https:\/\/frequenciarara.com.br\/index.php\/wp-json\/wp\/v2\/users\/1"}],"replies":[{"embeddable":true,"href":"https:\/\/frequenciarara.com.br\/index.php\/wp-json\/wp\/v2\/comments?post=774"}],"version-history":[{"count":133,"href":"https:\/\/frequenciarara.com.br\/index.php\/wp-json\/wp\/v2\/pages\/774\/revisions"}],"predecessor-version":[{"id":1897,"href":"https:\/\/frequenciarara.com.br\/index.php\/wp-json\/wp\/v2\/pages\/774\/revisions\/1897"}],"wp:attachment":[{"href":"https:\/\/frequenciarara.com.br\/index.php\/wp-json\/wp\/v2\/media?parent=774"}],"curies":[{"name":"wp","href":"https:\/\/api.w.org\/{rel}","templated":true}]}}