{"id":580,"date":"2021-10-30T17:31:12","date_gmt":"2021-10-30T20:31:12","guid":{"rendered":"http:\/\/frequenciarara.com.br\/?page_id=580"},"modified":"2024-08-13T22:10:14","modified_gmt":"2024-08-14T01:10:14","slug":"sound-branding","status":"publish","type":"page","link":"https:\/\/frequenciarara.com.br\/index.php\/sound-branding\/","title":{"rendered":"Sound Branding"},"content":{"rendered":"\n<div class=\"wp-block-columns is-layout-flex wp-container-core-columns-is-layout-9d6595d7 wp-block-columns-is-layout-flex\">\n<div class=\"wp-block-column is-layout-flow wp-block-column-is-layout-flow\">\n<figure class=\"wp-block-gallery aligncenter has-nested-images columns-default wp-block-gallery-1 is-layout-flex wp-block-gallery-is-layout-flex\"><div class=\"wp-block-image\">\n<figure class=\"aligncenter size-medium\"><img loading=\"lazy\" decoding=\"async\" width=\"300\" height=\"269\" data-id=\"620\" src=\"https:\/\/frequenciarara.com.br\/wp-content\/uploads\/2021\/10\/amormusical-menor-300x269.png\" alt=\"\" class=\"wp-image-620\" srcset=\"https:\/\/frequenciarara.com.br\/wp-content\/uploads\/2021\/10\/amormusical-menor-300x269.png 300w, https:\/\/frequenciarara.com.br\/wp-content\/uploads\/2021\/10\/amormusical-menor.png 400w\" sizes=\"auto, (max-width: 300px) 100vw, 300px\" \/><\/figure>\n<\/div><\/figure>\n<\/div>\n<\/div>\n\n\n\n<div class=\"wp-block-columns is-layout-flex wp-container-core-columns-is-layout-9d6595d7 wp-block-columns-is-layout-flex\">\n<div class=\"wp-block-column is-layout-flow wp-block-column-is-layout-flow\">\n<h4 class=\"wp-block-heading has-text-color\" style=\"color:#822020\"><strong>Vamos falar de Sound Branding<\/strong><\/h4>\n\n\n\n<p class=\"has-text-align-left\">O ouvido humano registra grandes quantidades de informa\u00e7\u00f5es e sons a cada segundo , 24 horas por dia, 7 dias por semana.<br>Milh\u00f5es de informa\u00e7\u00f5es entram em nossos ouvidos e s\u00e3o processadas pelo c\u00e9rebro. <br>Um dos principais objetivos das campanhas de marketing \u00e9 instigar as emo\u00e7\u00f5es dos consumidores, por meio de mensagens criativas, veiculadas nos mais diversos meios de comunica\u00e7\u00e3o.<\/p>\n\n\n\n<p>Ao criar sua pr\u00f3pria marca sonora, voc\u00ea tem um som <em>diferenciado<\/em> para todos os tipos de m\u00eddia, e seus clientes sempre se lembrar\u00e3o do \u201d<strong>som<\/strong>\u201d, como uma \u201d<strong>assinatura<\/strong>\u201d ou como um \u201c<strong>selo<\/strong>\u201d da sua empresa.<\/p>\n\n\n\n<p>Com isso \u00e9 poss\u00edvel chamar a aten\u00e7\u00e3o do p\u00fablico-alvo, para que este sinta-se <strong>despertado<\/strong>, no sentido de adquirir determinado produto ou servi\u00e7o que lhe \u00e9 oferecido, fazendo-o feliz.<\/p>\n\n\n\n<p>Sons reconhec\u00edveis s\u00e3o uma marca s\u00f3lida. Seja por meio de um filme, m\u00fasica que nos traga boas sensa\u00e7\u00f5es, ou simples sinal sonoro, a id\u00e9ia <strong>\u00e9 atrair<\/strong> e fixar a mensagem de que uma marca pensou exclusivamente em n\u00f3s, ao criar tal produto ou servi\u00e7o, fazendo sempre lembrar dela na hora de adquirir algo que queremos.<\/p>\n\n\n\n<p>\u00c9 fundamental que o som da sua assinatura seja facilmente reconhec\u00edvel e n\u00e3o se perca no mar de sons<br>que existem por a\u00ed.<\/p>\n\n\n\n<p><strong>Venha falar conosco<\/strong>, ficaremos felizes em fazer parte do seu projeto!<\/p>\n<\/div>\n<\/div>\n\n\n\n<div style=\"height:50px\" aria-hidden=\"true\" class=\"wp-block-spacer\"><\/div>\n\n\n<div class=\"wp-block-image\">\n<figure class=\"aligncenter size-full is-resized\"><img loading=\"lazy\" decoding=\"async\" width=\"218\" height=\"278\" src=\"https:\/\/frequenciarara.com.br\/wp-content\/uploads\/2021\/10\/Captura-de-tela-2013-04-12-a\u0300s-00.17.02.png\" alt=\"\" class=\"wp-image-625\" style=\"aspect-ratio:0.7804878048780488;width:132px;height:auto\"\/><\/figure>\n<\/div>","protected":false},"excerpt":{"rendered":"<p>Vamos falar de Sound Branding O ouvido humano registra grandes quantidades de informa\u00e7\u00f5es e sons a cada segundo , 24 horas por dia, 7 dias por semana.Milh\u00f5es de informa\u00e7\u00f5es entram em nossos ouvidos e s\u00e3o processadas pelo c\u00e9rebro. Um dos principais objetivos das campanhas de marketing \u00e9 instigar as emo\u00e7\u00f5es dos consumidores, por meio de [&hellip;]<\/p>\n","protected":false},"author":1,"featured_media":0,"parent":0,"menu_order":0,"comment_status":"closed","ping_status":"closed","template":"","meta":{"_regular_price":[],"currency_symbol":[],"footnotes":""},"class_list":["post-580","page","type-page","status-publish","hentry"],"post_slider_layout_featured_media_urls":{"thumbnail":"","post_slider_layout_landscape_large":"","post_slider_layout_portrait_large":"","post_slider_layout_square_large":"","post_slider_layout_landscape":"","post_slider_layout_portrait":"","post_slider_layout_square":"","full":""},"_links":{"self":[{"href":"https:\/\/frequenciarara.com.br\/index.php\/wp-json\/wp\/v2\/pages\/580","targetHints":{"allow":["GET"]}}],"collection":[{"href":"https:\/\/frequenciarara.com.br\/index.php\/wp-json\/wp\/v2\/pages"}],"about":[{"href":"https:\/\/frequenciarara.com.br\/index.php\/wp-json\/wp\/v2\/types\/page"}],"author":[{"embeddable":true,"href":"https:\/\/frequenciarara.com.br\/index.php\/wp-json\/wp\/v2\/users\/1"}],"replies":[{"embeddable":true,"href":"https:\/\/frequenciarara.com.br\/index.php\/wp-json\/wp\/v2\/comments?post=580"}],"version-history":[{"count":27,"href":"https:\/\/frequenciarara.com.br\/index.php\/wp-json\/wp\/v2\/pages\/580\/revisions"}],"predecessor-version":[{"id":1613,"href":"https:\/\/frequenciarara.com.br\/index.php\/wp-json\/wp\/v2\/pages\/580\/revisions\/1613"}],"wp:attachment":[{"href":"https:\/\/frequenciarara.com.br\/index.php\/wp-json\/wp\/v2\/media?parent=580"}],"curies":[{"name":"wp","href":"https:\/\/api.w.org\/{rel}","templated":true}]}}