{"id":239,"date":"2021-04-16T01:21:16","date_gmt":"2021-04-16T04:21:16","guid":{"rendered":"http:\/\/frequenciarara.com.br\/?page_id=239"},"modified":"2025-08-30T11:46:34","modified_gmt":"2025-08-30T14:46:34","slug":"quem-somos","status":"publish","type":"page","link":"https:\/\/frequenciarara.com.br\/index.php\/quem-somos\/","title":{"rendered":"Quem somos"},"content":{"rendered":"\n<div class=\"wp-block-columns is-layout-flex wp-container-core-columns-is-layout-9d6595d7 wp-block-columns-is-layout-flex\">\n<div class=\"wp-block-column is-layout-flow wp-block-column-is-layout-flow\" style=\"flex-basis:33.33%\">\n<figure class=\"wp-block-gallery alignright has-nested-images columns-default wp-block-gallery-1 is-layout-flex wp-block-gallery-is-layout-flex\"><div class=\"wp-block-image is-style-rounded\">\n<figure class=\"aligncenter size-full\"><img loading=\"lazy\" decoding=\"async\" width=\"1080\" height=\"1080\" data-id=\"566\" src=\"https:\/\/frequenciarara.com.br\/wp-content\/uploads\/2021\/10\/momomo-1.png\" alt=\"\" class=\"wp-image-566\" srcset=\"https:\/\/frequenciarara.com.br\/wp-content\/uploads\/2021\/10\/momomo-1.png 1080w, https:\/\/frequenciarara.com.br\/wp-content\/uploads\/2021\/10\/momomo-1-300x300.png 300w, https:\/\/frequenciarara.com.br\/wp-content\/uploads\/2021\/10\/momomo-1-1024x1024.png 1024w, https:\/\/frequenciarara.com.br\/wp-content\/uploads\/2021\/10\/momomo-1-150x150.png 150w, https:\/\/frequenciarara.com.br\/wp-content\/uploads\/2021\/10\/momomo-1-768x768.png 768w, https:\/\/frequenciarara.com.br\/wp-content\/uploads\/2021\/10\/momomo-1-600x600.png 600w\" sizes=\"auto, (max-width: 1080px) 100vw, 1080px\" \/><\/figure>\n<\/div><\/figure>\n<\/div>\n\n\n\n<div class=\"wp-block-column is-layout-flow wp-block-column-is-layout-flow\" style=\"flex-basis:66.66%\">\n<h4 class=\"wp-block-heading has-text-color\" style=\"color:#822020;font-size:30px\">Mauricio Grassmann<\/h4>\n\n\n\n<p class=\"has-text-align-left\">M\u00fasico, Compositor, Arranjador, Engenheiro de som e Produtor musical.<\/p>\n\n\n\n<p class=\"has-text-align-left\">Fundou o Frequ\u00eancia Rara em 1988, gravando grandes nomes como  <br>Egberto Gismonti, Gilberto Gil, Nan\u00e1 Vasconcelos, Badi Assad, Jamil Maluf, <br>Dominguinhos, Chandra Lacombe, Eduardo Agni, Adriana Mezzadri, <br>Ana Rita Simonka, Mirna Grizch entre outros.<\/p>\n\n\n\n<p class=\"has-text-align-left\">Produziu mais de 300 \u00e1lbuns, v\u00e1rios document\u00e1rios e trilhas para <br>teatro e cinema, jingles comerciais e pol\u00edticos. <\/p>\n\n\n\n<p class=\"has-text-align-left\">Idealizador da Immaginary Digital Orchestra.<\/p>\n<\/div>\n<\/div>\n\n\n\n<div style=\"height:40px\" aria-hidden=\"true\" class=\"wp-block-spacer\"><\/div>\n\n\n\n<div class=\"wp-block-columns is-layout-flex wp-container-core-columns-is-layout-9d6595d7 wp-block-columns-is-layout-flex\">\n<div class=\"wp-block-column is-layout-flow wp-block-column-is-layout-flow\">\n<div class=\"wp-block-columns is-layout-flex wp-container-core-columns-is-layout-9d6595d7 wp-block-columns-is-layout-flex\">\n<div class=\"wp-block-column is-layout-flow wp-block-column-is-layout-flow\" style=\"flex-basis:100%\">\n<div class=\"wp-block-columns alignfull is-layout-flex wp-container-core-columns-is-layout-9d6595d7 wp-block-columns-is-layout-flex\">\n<div class=\"wp-block-column is-vertically-aligned-top is-layout-flow wp-block-column-is-layout-flow\" style=\"flex-basis:24%\"><div class=\"wp-block-image\">\n<figure class=\"alignright size-full is-resized\"><a href=\"https:\/\/soundbetter.com\/profiles\/621432-mauricio-grassmann\" target=\"_blank\" rel=\"noreferrer noopener\"><img loading=\"lazy\" decoding=\"async\" width=\"198\" height=\"180\" src=\"https:\/\/frequenciarara.com.br\/wp-content\/uploads\/2024\/08\/LOGO-SoundBetter.png\" alt=\"\" class=\"wp-image-1339\" style=\"width:105px;height:auto\"\/><\/a><\/figure>\n<\/div><\/div>\n\n\n\n<div class=\"wp-block-column is-layout-flow wp-block-column-is-layout-flow\" style=\"flex-basis:70%\">\n<p style=\"font-size:12px\">Veja minha p\u00e1gina como<br>Produtor \/ Mix \/ Master<br>clique na imagem<\/p>\n<\/div>\n<\/div>\n<\/div>\n<\/div>\n\n\n\n<div style=\"height:45px\" aria-hidden=\"true\" class=\"wp-block-spacer\"><\/div>\n<\/div>\n<\/div>\n\n\n\n<div class=\"wp-block-columns is-layout-flex wp-container-core-columns-is-layout-9d6595d7 wp-block-columns-is-layout-flex\">\n<div class=\"wp-block-column is-layout-flow wp-block-column-is-layout-flow\" style=\"flex-basis:100%\">\n<div class=\"wp-block-columns is-layout-flex wp-container-core-columns-is-layout-9d6595d7 wp-block-columns-is-layout-flex\">\n<div class=\"wp-block-column is-layout-flow wp-block-column-is-layout-flow\" style=\"flex-basis:33.33%\">\n<figure class=\"wp-block-gallery has-nested-images columns-default is-cropped wp-block-gallery-2 is-layout-flex wp-block-gallery-is-layout-flex\"><div class=\"wp-block-image is-style-rounded\">\n<figure class=\"aligncenter size-full\"><img loading=\"lazy\" decoding=\"async\" width=\"1080\" height=\"1080\" data-id=\"572\" src=\"https:\/\/frequenciarara.com.br\/wp-content\/uploads\/2021\/10\/NOSTALGIA1.png\" alt=\"\" class=\"wp-image-572\" srcset=\"https:\/\/frequenciarara.com.br\/wp-content\/uploads\/2021\/10\/NOSTALGIA1.png 1080w, https:\/\/frequenciarara.com.br\/wp-content\/uploads\/2021\/10\/NOSTALGIA1-300x300.png 300w, https:\/\/frequenciarara.com.br\/wp-content\/uploads\/2021\/10\/NOSTALGIA1-1024x1024.png 1024w, https:\/\/frequenciarara.com.br\/wp-content\/uploads\/2021\/10\/NOSTALGIA1-150x150.png 150w, https:\/\/frequenciarara.com.br\/wp-content\/uploads\/2021\/10\/NOSTALGIA1-768x768.png 768w, https:\/\/frequenciarara.com.br\/wp-content\/uploads\/2021\/10\/NOSTALGIA1-600x600.png 600w\" sizes=\"auto, (max-width: 1080px) 100vw, 1080px\" \/><\/figure>\n<\/div><\/figure>\n\n\n\n<p><\/p>\n<\/div>\n\n\n\n<div class=\"wp-block-column is-layout-flow wp-block-column-is-layout-flow\" style=\"flex-basis:66.66%\">\n<h4 class=\"wp-block-heading has-text-color\" style=\"color:#822020;font-size:30px\">Ale Grassmann<\/h4>\n\n\n\n<p>Empres\u00e1ria, Produtora, Voice Actor.<\/p>\n\n\n\n<p>Come\u00e7ou sua carreira no Marketing de Eventos , tendo sua pr\u00f3pria ag\u00eancia durante 10 anos. <\/p>\n\n\n\n<p>Hoje \u00e9 s\u00f3cia propriet\u00e1ria da produtora Frequ\u00eancia Rara, apaixonada por Sound Design, Gestora de Pessoas e RH.<\/p>\n\n\n\n<p><\/p>\n<\/div>\n<\/div>\n<\/div>\n<\/div>\n\n\n\n<div style=\"height:40px\" aria-hidden=\"true\" class=\"wp-block-spacer\"><\/div>\n\n\n\n<div class=\"wp-block-columns is-layout-flex wp-container-core-columns-is-layout-9d6595d7 wp-block-columns-is-layout-flex\">\n<div class=\"wp-block-column is-layout-flow wp-block-column-is-layout-flow\" style=\"flex-basis:33.33%\">\n<figure class=\"wp-block-gallery has-nested-images columns-default is-cropped wp-block-gallery-3 is-layout-flex wp-block-gallery-is-layout-flex\"><div class=\"wp-block-image is-style-rounded\">\n<figure class=\"aligncenter size-full\"><img loading=\"lazy\" decoding=\"async\" width=\"1080\" height=\"1080\" data-id=\"759\" src=\"https:\/\/frequenciarara.com.br\/wp-content\/uploads\/2021\/11\/5.png\" alt=\"\" class=\"wp-image-759\" srcset=\"https:\/\/frequenciarara.com.br\/wp-content\/uploads\/2021\/11\/5.png 1080w, https:\/\/frequenciarara.com.br\/wp-content\/uploads\/2021\/11\/5-300x300.png 300w, https:\/\/frequenciarara.com.br\/wp-content\/uploads\/2021\/11\/5-1024x1024.png 1024w, https:\/\/frequenciarara.com.br\/wp-content\/uploads\/2021\/11\/5-150x150.png 150w, https:\/\/frequenciarara.com.br\/wp-content\/uploads\/2021\/11\/5-768x768.png 768w, https:\/\/frequenciarara.com.br\/wp-content\/uploads\/2021\/11\/5-600x600.png 600w\" sizes=\"auto, (max-width: 1080px) 100vw, 1080px\" \/><\/figure>\n<\/div><\/figure>\n<\/div>\n\n\n\n<div class=\"wp-block-column is-layout-flow wp-block-column-is-layout-flow\" style=\"flex-basis:66.66%\">\n<h4 class=\"wp-block-heading has-text-color\" style=\"color:#822020;font-size:30px\">Eduardo Agni<\/h4>\n\n\n\n<p><\/p>\n\n\n\n<p>Violonista e Compositor brasileiro, radicado na Noruega, fica nessa ponte (Brasil, Noruega) duas vezes ao ano com trabalhos nos dois pa\u00edses.<\/p>\n\n\n\n<p>Gravou e realizou shows em parcerias com M\u00f4nica Salmaso, Fl\u00e1vio Venturini, Marlui Miranda, Andr\u00e9 Geraissati, Renato Braz, Benjamin Taubkin, Teco Cardoso, Adriana Mezzadri.<\/p>\n\n\n\n<p>Realizou turn\u00eas e grava\u00e7\u00f5es em mais de 30 pa\u00edses.<\/p>\n\n\n\n<p>Como produtor musical desenvolveu cole\u00e7\u00f5es de CDs para a Editora Globo, Editora Tr\u00eas e Editora Digerati.<\/p>\n\n\n\n<p>\u00c9 tamb\u00e9m autor de trilhas premiadas para teatro, dan\u00e7a, cinema e TV.<\/p>\n\n\n\n<p>Atuou como diretor musical de produ\u00e7\u00f5es teatrais como Zona de Guerra (<a href=\"https:\/\/pt.wikipedia.org\/wiki\/Eugene_O%27Neill\">Eugene O&#8217;Neil<\/a>), O Nome (<a href=\"https:\/\/pt.wikipedia.org\/wiki\/Jon_Fosse\">Jon Foss<\/a>), Espectros (<a href=\"https:\/\/pt.wikipedia.org\/wiki\/Henrik_Ibsen\">Henrik Ibsen<\/a>), O Pelicano (<a href=\"https:\/\/pt.wikipedia.org\/wiki\/August_Strindberg\">August Strindberg<\/a>), A Serpente no Jardim (Alan Ayckbourn), A Refei\u00e7\u00e3o (<a href=\"https:\/\/pt.wikipedia.org\/wiki\/Newton_Moreno\">Newton Moreno<\/a>), <br>ao lado dos dramaturgos\/diretores de teatro  <a href=\"https:\/\/pt.wikipedia.org\/wiki\/Andr%C3%A9_Garolli\">Andr\u00e9 Garoli<\/a><em>,<\/em> <a href=\"https:\/\/pt.wikipedia.org\/wiki\/Denise_Weinberg\">Denise Weinberg<\/a>, <a href=\"https:\/\/pt.wikipedia.org\/wiki\/Newton_Moreno\">Newton Moreno<\/a>, Alexandre Ten\u00f3rio, Jos\u00e9 Eduardo Vendramini, Silney Siqueira e outros. <br>Comp\u00f4s trilhas sonoras para performances de companhias de dan\u00e7a como o <a href=\"https:\/\/pt.wikipedia.org\/wiki\/Bal%C3%A9_da_Cidade_de_S%C3%A3o_Paulo\">Bal\u00e9 da Cidade de S\u00e3o Paulo<\/a>, Cia de Dan\u00e7a do Amazonas, Cia Sociedade Masculina de Dan\u00e7a e Cia Nova Dan\u00e7a. Trabalhou em parceria com core\u00f3grafos; Andr\u00e9 Mesquita (Portugal), Ivonice Satie, Mariana Muniz e Z\u00e9lia Monteiro.<\/p>\n\n\n\n<p>Comp\u00f4s m\u00fasica original para document\u00e1rios dos diretores; Raquel Valadares, Andrea Pasquini, Philipe Henry, Niels Boels (Dinamarca) Peeter Rebane e Kaido Veermae (Estonia).<\/p>\n\n\n\n<p>Foi autor da trilha sonora da mini s\u00e9rie Jo\u00e3o Miguel &#8211; <a href=\"https:\/\/pt.wikipedia.org\/wiki\/TV_Cultura\">TV Cultura<\/a> &#8211; e contribuiu com a sonoriza\u00e7\u00e3o de programas das emissoras <a href=\"https:\/\/pt.wikipedia.org\/wiki\/Rede_Globo\">Rede Globo<\/a>, <a href=\"https:\/\/pt.wikipedia.org\/wiki\/Sistema_Brasileiro_de_Televis%C3%A3o\">SBT<\/a>, <a href=\"https:\/\/pt.wikipedia.org\/wiki\/TV_Cultura\">TV Cultura<\/a> e <a href=\"https:\/\/pt.wikipedia.org\/wiki\/SESC_TV\">Sesc TV<\/a>.<\/p>\n<\/div>\n<\/div>\n\n\n\n<div style=\"height:55px\" aria-hidden=\"true\" class=\"wp-block-spacer\"><\/div>\n\n\n<div class=\"wp-block-image\">\n<figure class=\"aligncenter size-full is-resized\"><img loading=\"lazy\" decoding=\"async\" width=\"512\" height=\"512\" src=\"https:\/\/frequenciarara.com.br\/wp-content\/uploads\/2024\/08\/cropped-ICONE-FR-24-PQ2.png\" alt=\"\" class=\"wp-image-1288\" style=\"width:60px;height:auto\" srcset=\"https:\/\/frequenciarara.com.br\/wp-content\/uploads\/2024\/08\/cropped-ICONE-FR-24-PQ2.png 512w, https:\/\/frequenciarara.com.br\/wp-content\/uploads\/2024\/08\/cropped-ICONE-FR-24-PQ2-300x300.png 300w, https:\/\/frequenciarara.com.br\/wp-content\/uploads\/2024\/08\/cropped-ICONE-FR-24-PQ2-150x150.png 150w, https:\/\/frequenciarara.com.br\/wp-content\/uploads\/2024\/08\/cropped-ICONE-FR-24-PQ2-270x270.png 270w, https:\/\/frequenciarara.com.br\/wp-content\/uploads\/2024\/08\/cropped-ICONE-FR-24-PQ2-192x192.png 192w, https:\/\/frequenciarara.com.br\/wp-content\/uploads\/2024\/08\/cropped-ICONE-FR-24-PQ2-180x180.png 180w, https:\/\/frequenciarara.com.br\/wp-content\/uploads\/2024\/08\/cropped-ICONE-FR-24-PQ2-32x32.png 32w\" sizes=\"auto, (max-width: 512px) 100vw, 512px\" \/><\/figure>\n<\/div>\n\n\n<p><\/p>\n","protected":false},"excerpt":{"rendered":"<p>Mauricio Grassmann M\u00fasico, Compositor, Arranjador, Engenheiro de som e Produtor musical. Fundou o Frequ\u00eancia Rara em 1988, gravando grandes nomes como Egberto Gismonti, Gilberto Gil, Nan\u00e1 Vasconcelos, Badi Assad, Jamil Maluf, Dominguinhos, Chandra Lacombe, Eduardo Agni, Adriana Mezzadri, Ana Rita Simonka, Mirna Grizch entre outros. Produziu mais de 300 \u00e1lbuns, v\u00e1rios document\u00e1rios e trilhas para [&hellip;]<\/p>\n","protected":false},"author":1,"featured_media":0,"parent":0,"menu_order":0,"comment_status":"closed","ping_status":"closed","template":"","meta":{"_regular_price":[],"currency_symbol":[],"footnotes":""},"class_list":["post-239","page","type-page","status-publish","hentry"],"post_slider_layout_featured_media_urls":{"thumbnail":"","post_slider_layout_landscape_large":"","post_slider_layout_portrait_large":"","post_slider_layout_square_large":"","post_slider_layout_landscape":"","post_slider_layout_portrait":"","post_slider_layout_square":"","full":""},"_links":{"self":[{"href":"https:\/\/frequenciarara.com.br\/index.php\/wp-json\/wp\/v2\/pages\/239","targetHints":{"allow":["GET"]}}],"collection":[{"href":"https:\/\/frequenciarara.com.br\/index.php\/wp-json\/wp\/v2\/pages"}],"about":[{"href":"https:\/\/frequenciarara.com.br\/index.php\/wp-json\/wp\/v2\/types\/page"}],"author":[{"embeddable":true,"href":"https:\/\/frequenciarara.com.br\/index.php\/wp-json\/wp\/v2\/users\/1"}],"replies":[{"embeddable":true,"href":"https:\/\/frequenciarara.com.br\/index.php\/wp-json\/wp\/v2\/comments?post=239"}],"version-history":[{"count":97,"href":"https:\/\/frequenciarara.com.br\/index.php\/wp-json\/wp\/v2\/pages\/239\/revisions"}],"predecessor-version":[{"id":1746,"href":"https:\/\/frequenciarara.com.br\/index.php\/wp-json\/wp\/v2\/pages\/239\/revisions\/1746"}],"wp:attachment":[{"href":"https:\/\/frequenciarara.com.br\/index.php\/wp-json\/wp\/v2\/media?parent=239"}],"curies":[{"name":"wp","href":"https:\/\/api.w.org\/{rel}","templated":true}]}}